{"id":21,"date":"2017-01-02T12:14:09","date_gmt":"2017-01-02T11:14:09","guid":{"rendered":"http:\/\/ceqce.pl\/?page_id=21"},"modified":"2017-01-18T11:34:07","modified_gmt":"2017-01-18T10:34:07","slug":"pomoc","status":"publish","type":"page","link":"http:\/\/ceqce.pl\/index.php\/pomoc\/","title":{"rendered":"Pomoc"},"content":{"rendered":"<p><div  class=\"fusion-fullwidth fullwidth-box nonhundred-percent-fullwidth\"  style='background-color: #ffffff;background-position: center center;background-repeat: no-repeat;padding-top:20px;padding-right:0px;padding-bottom:20px;padding-left:0px;'><div class=\"fusion-builder-row fusion-row \"><div  class=\"fusion-layout-column fusion_builder_column fusion_builder_column_1_1  fusion-one-full fusion-column-first fusion-column-last 1_1\"  style='margin-top:0px;margin-bottom:20px;'>\n\t\t\t<div class=\"fusion-column-wrapper\" style=\"background-position:left top;background-repeat:no-repeat;-webkit-background-size:cover;-moz-background-size:cover;-o-background-size:cover;background-size:cover;\"  data-bg-url=\"\">\n\t\t\t\t<div class=\"fusion-sep-clear\"><\/div><div class=\"fusion-separator fusion-full-width-sep sep-none\" style=\"margin-left: auto;margin-right: auto;margin-top:30px;\"><\/div><div class=\"imageframe-align-center\"><span class=\"fusion-imageframe imageframe-none imageframe-1 hover-type-none\"><img decoding=\"async\" loading=\"lazy\" src=\"http:\/\/ceqce.pl\/wp-content\/uploads\/2017\/01\/serwis_title.png\" width=\"173\" height=\"173\" alt=\"CQC Analiza druku\" title=\"serwis_title\" class=\"img-responsive wp-image-122\"\/><\/span><\/div><div class=\"fusion-title title fusion-title-center fusion-title-size-one\" style=\"margin-top:10px;margin-bottom:10px;\"><div class=\"title-sep-container title-sep-container-left\"><div class=\"title-sep sep-single sep-solid\"><\/div><\/div><h1 class=\"title-heading-center\">Serwis CQC<\/h1><div class=\"title-sep-container title-sep-container-right\"><div class=\"title-sep sep-single sep-solid\"><\/div><\/div><\/div><p style=\"text-align: center;\">Wy\u015blij nam swoje dane, my skontaktujemy si\u0119 z Pa\u0144stwem w celu zbadania, jak mo\u017cemy pom\u00f3c.<\/p>\n<p style=\"text-align: center; font-size: 40px; color: #3eb7ca;\">e-mail: <a href=\"mailto:\">kontakt@serwis cqc<\/a><br \/>\nNapisz odpowiemy na Twoje pytania<\/p>\n<div class=\"fusion-title title fusion-sep-none fusion-title-size-two\" style=\"margin-top:0px;margin-bottom:31px;\"><h2 class=\"title-heading-left\">Popularne pytania:<\/h2><\/div><div class=\"chevron_outer\">\n<ul>\n<li class=\"txt\">W jaki spos\u00f3b mog\u0119 zmieni\u0107 swoje dane?<\/li>\n<li class=\"txt\">Na jakiej platformie dzia\u0142a program?<\/li>\n<li class=\"txt\">W jaki spos\u00f3b mog\u0119 zmieni\u0107 swoje dane?<\/li>\n<\/ul>\n<\/div>\n<div class=\"fusion-clearfix\"><\/div>\n\n\t\t\t<\/div>\n\t\t<\/div><\/div><\/div><div  class=\"fusion-fullwidth fullwidth-box nonhundred-percent-fullwidth\"  style='background-color: #ffffff;background-position: center center;background-repeat: no-repeat;padding-top:20px;padding-right:0px;padding-bottom:20px;padding-left:0px;'><div class=\"fusion-builder-row fusion-row \"><div  class=\"fusion-layout-column fusion_builder_column fusion_builder_column_1_1  fusion-one-full fusion-column-first fusion-column-last 1_1\"  style='margin-top:0px;margin-bottom:20px;'>\n\t\t\t<div class=\"fusion-column-wrapper\" style=\"background-color:#efebe8;background-position:left top;background-repeat:no-repeat;-webkit-background-size:cover;-moz-background-size:cover;-o-background-size:cover;background-size:cover;\"  data-bg-url=\"\">\n\t\t\t\t<p style=\"text-align: center; padding-top: 15px;\">W zak\u0142adce Moje konto, wybierz \u201eUstawienia konta\u201d, tutaj b\u0119dziesz m\u00f3g\u0142 zmieni\u0107 has\u0142o i dane kontaktowe<\/p>\n<div class=\"fusion-clearfix\"><\/div>\n\n\t\t\t<\/div>\n\t\t<\/div><\/div><\/div><div  class=\"fusion-fullwidth fullwidth-box nonhundred-percent-fullwidth\"  style='background-color: #3db6c9;background-position: center center;background-repeat: no-repeat;padding-top:20px;padding-right:0px;padding-bottom:20px;padding-left:0px;'><div class=\"fusion-builder-row fusion-row \"><div  class=\"fusion-layout-column fusion_builder_column fusion_builder_column_1_1  fusion-one-full fusion-column-first fusion-column-last 1_1\"  style='margin-top:0px;margin-bottom:20px;'>\n\t\t\t<div class=\"fusion-column-wrapper\" style=\"background-position:left top;background-repeat:no-repeat;-webkit-background-size:cover;-moz-background-size:cover;-o-background-size:cover;background-size:cover;\"  data-bg-url=\"\">\n\t\t\t\t<div class=\"fusion-title title fusion-sep-none fusion-title-center fusion-title-size-one\" style=\"margin-top:0px;margin-bottom:0px;\"><h1 class=\"title-heading-center\"><span style=\"color: #ffffff; font-size: 50px;\">PM SOLUTIONS<br \/>\n<\/span><\/h1><\/div><p style=\"text-align: center; font-size: 20px;\"><span style=\"color: #174076;\">NASZE POMYS\u0141Y I ROZWI\u0104ZANIA!<\/span><br \/>\n<span style=\"color: #ffffff; font-size: 20px;\">Szeroki asortyment nowoczesnego oprogramowania do automatyzacji proces\u00f3w<\/span><br \/>\n<span style=\"color: #ffffff; font-size: 20px;\">przygotowania plik\u00f3w PDF do druku \u2013 preflight, impozycji, automatycznej obr\u00f3bki zdj\u0119\u0107, generacji plik\u00f3w PDF, XML, <\/span><br \/>\n<span style=\"color: #ffffff; font-size: 20px;\">bitmap, przesy\u0142u plik\u00f3w FTP, mail, www -&gt; preflight -&gt; urz\u0105dzenia wyj\u015bciowe. <\/span><br \/>\n<span style=\"color: #ffffff; font-size: 20px;\">Oprogramowanie do standaryzacji i kalibracji toru druku.<\/span><\/p>\n<div class=\"fusion-button-wrapper fusion-aligncenter\"><style type=\"text\/css\" scoped=\"scoped\">.fusion-button.button-1 .fusion-button-text, .fusion-button.button-1 i {color:#ffffff;}.fusion-button.button-1 {border-width:0px;border-color:#ffffff;}.fusion-button.button-1 .fusion-button-icon-divider{border-color:#ffffff;}.fusion-button.button-1:hover .fusion-button-text, .fusion-button.button-1:hover i,.fusion-button.button-1:focus .fusion-button-text, .fusion-button.button-1:focus i,.fusion-button.button-1:active .fusion-button-text, .fusion-button.button-1:active{color:#ffffff;}.fusion-button.button-1:hover, .fusion-button.button-1:focus, .fusion-button.button-1:active{border-width:0px;border-color:#ffffff;}.fusion-button.button-1:hover .fusion-button-icon-divider, .fusion-button.button-1:hover .fusion-button-icon-divider, .fusion-button.button-1:active .fusion-button-icon-divider{border-color:#ffffff;}.fusion-button.button-1{background: #229fb5;}.fusion-button.button-1:hover,.button-1:focus,.fusion-button.button-1:active{background: #229fb5;}.fusion-button.button-1{width:auto;}<\/style><a class=\"fusion-button button-flat button-square button-xlarge button-custom button-1\" target=\"_blank\" rel=\"noopener noreferrer\" href=\"http:\/\/www.pm-software.com.pl\/\"><span class=\"fusion-button-text\">wi\u0119cej<\/span><\/a><\/div><div class=\"fusion-clearfix\"><\/div>\n\n\t\t\t<\/div>\n\t\t<\/div><\/div><\/div><div  class=\"fusion-fullwidth fullwidth-box fusion-parallax-none nonhundred-percent-fullwidth\"  style='background-color: #181818;background-image: url(\"http:\/\/ceqce.pl\/wp-content\/uploads\/2017\/01\/footer-bg.jpg\");background-position: center center;background-repeat: no-repeat;padding-top:20px;padding-right:0px;padding-bottom:20px;padding-left:0px;-webkit-background-size:cover;-moz-background-size:cover;-o-background-size:cover;background-size:cover;background-attachment:none;'><div class=\"fusion-builder-row fusion-row \"><div  class=\"fusion-layout-column fusion_builder_column fusion_builder_column_1_1  fusion-one-full fusion-column-first fusion-column-last 1_1\"  style='margin-top:0px;margin-bottom:20px;'>\n\t\t\t<div class=\"fusion-column-wrapper\" style=\"background-position:left top;background-repeat:no-repeat;-webkit-background-size:cover;-moz-background-size:cover;-o-background-size:cover;background-size:cover;\"  data-bg-url=\"\">\n\t\t\t\t<div class=\"fusion-title title fusion-sep-none fusion-title-center fusion-title-size-one\" style=\"margin-top:0px;margin-bottom:0px;\"><h1 class=\"title-heading-center\"><span style=\"color: #ffffff; font-size: 46px;\">KONTAKT<\/span><\/h1><\/div><p style=\"text-align: center;\"><span style=\"color: #3db6c9; font-size: 46px;\">+22 899 00 66 \/ 602 310 011<\/span><\/p>\n<div class=\"fusion-builder-row fusion-builder-row-inner fusion-row \"><div  class=\"fusion-layout-column fusion_builder_column fusion_builder_column_1_1  fusion-one-full fusion-column-first fusion-column-last fusion-one-full fusion-column-first fusion-column-last fusion-column-inner-bg-wrapper 1_1\"  style='margin-top: 0px;margin-bottom: 20px;'>\n\t\t\t<div class=\"fusion-column-wrapper\" style=\"border-width: 4px;border-color: #ffffff;border-style: solid;\" data-bg-url=\"\">\n\t\t\t\t<div class=\"fusion-sep-clear\"><\/div><div class=\"fusion-separator fusion-full-width-sep sep-none\" style=\"margin-left: auto;margin-right: auto;margin-top:5px;\"><\/div><p style=\"text-align: center;\"><span style=\"color: #ffffff; font-size: 46px;\">a.szymosz@pm-solutions.com.pl<\/span><\/p>\n\n\t\t\t<\/div>\n\t\t\t<span class=\"fusion-column-inner-bg hover-type-none\">\n\t\t\t\t<a href=\"mailto: a.szymosz@pm-solutions.com.pl\">\n\t\t\t\t\t<span class=\"fusion-column-inner-bg-image\" style=\"background-position:left top;background-repeat:no-repeat;-webkit-background-size:cover;-moz-background-size:cover;-o-background-size:cover;background-size:cover;\"><\/span><\/a>\n\t\t\t<\/span>\n\t\t<\/div><\/div><p style=\"text-align: center;\"><span style=\"color: #ffffff; font-size: 28px;\">UL. MENUETA 26A \/ 02 827 WARSZAWA \/ POLSKA<\/span><\/p>\n<div class=\"fusion-clearfix\"><\/div>\n\n\t\t\t<\/div>\n\t\t<\/div><\/div><\/div><\/p>\n","protected":false},"excerpt":{"rendered":"","protected":false},"author":1,"featured_media":0,"parent":0,"menu_order":0,"comment_status":"closed","ping_status":"closed","template":"100-width.php","meta":{"footnotes":""},"_links":{"self":[{"href":"http:\/\/ceqce.pl\/index.php\/wp-json\/wp\/v2\/pages\/21"}],"collection":[{"href":"http:\/\/ceqce.pl\/index.php\/wp-json\/wp\/v2\/pages"}],"about":[{"href":"http:\/\/ceqce.pl\/index.php\/wp-json\/wp\/v2\/types\/page"}],"author":[{"embeddable":true,"href":"http:\/\/ceqce.pl\/index.php\/wp-json\/wp\/v2\/users\/1"}],"replies":[{"embeddable":true,"href":"http:\/\/ceqce.pl\/index.php\/wp-json\/wp\/v2\/comments?post=21"}],"version-history":[{"count":12,"href":"http:\/\/ceqce.pl\/index.php\/wp-json\/wp\/v2\/pages\/21\/revisions"}],"predecessor-version":[{"id":164,"href":"http:\/\/ceqce.pl\/index.php\/wp-json\/wp\/v2\/pages\/21\/revisions\/164"}],"wp:attachment":[{"href":"http:\/\/ceqce.pl\/index.php\/wp-json\/wp\/v2\/media?parent=21"}],"curies":[{"name":"wp","href":"https:\/\/api.w.org\/{rel}","templated":true}]}}