{"id":19,"date":"2017-01-02T12:13:56","date_gmt":"2017-01-02T11:13:56","guid":{"rendered":"http:\/\/ceqce.pl\/?page_id=19"},"modified":"2017-01-18T11:33:53","modified_gmt":"2017-01-18T10:33:53","slug":"opinie","status":"publish","type":"page","link":"http:\/\/ceqce.pl\/index.php\/opinie\/","title":{"rendered":"Opinie"},"content":{"rendered":"<p><div  class=\"fusion-fullwidth fullwidth-box nonhundred-percent-fullwidth\"  style='background-color: #ffffff;background-position: center center;background-repeat: no-repeat;padding-top:20px;padding-right:0px;padding-bottom:20px;padding-left:0px;'><div class=\"fusion-builder-row fusion-row \"><div  class=\"fusion-layout-column fusion_builder_column fusion_builder_column_1_1  fusion-one-full fusion-column-first fusion-column-last 1_1\"  style='margin-top:0px;margin-bottom:20px;'>\n\t\t\t<div class=\"fusion-column-wrapper\" style=\"background-position:left top;background-repeat:no-repeat;-webkit-background-size:cover;-moz-background-size:cover;-o-background-size:cover;background-size:cover;\"  data-bg-url=\"\">\n\t\t\t\t<div class=\"fusion-sep-clear\"><\/div><div class=\"fusion-separator fusion-full-width-sep sep-none\" style=\"margin-left: auto;margin-right: auto;margin-top:30px;\"><\/div><div class=\"imageframe-align-center\"><span class=\"fusion-imageframe imageframe-none imageframe-1 hover-type-none\"><img decoding=\"async\" loading=\"lazy\" src=\"http:\/\/ceqce.pl\/wp-content\/uploads\/2017\/01\/korzysci_title.png\" width=\"137\" height=\"184\" alt=\"CQC Analiza druku\" title=\"korzysci_title\" class=\"img-responsive wp-image-116\"\/><\/span><\/div><div class=\"fusion-title title fusion-title-center fusion-title-size-one\" style=\"margin-top:10px;margin-bottom:10px;\"><div class=\"title-sep-container title-sep-container-left\"><div class=\"title-sep sep-single sep-solid\"><\/div><\/div><h1 class=\"title-heading-center\">Opinie o programie<\/h1><div class=\"title-sep-container title-sep-container-right\"><div class=\"title-sep sep-single sep-solid\"><\/div><\/div><\/div><p style=\"text-align: center;\">Zalety systemu z punktu widzenia u\u017cytkownik\u00f3w<\/p>\n<div class=\"fusion-title title fusion-sep-none fusion-title-size-two\" style=\"margin-top:15px;margin-bottom:10px;\"><h2 class=\"title-heading-left\">Szef produkcji<\/h2><\/div><p>B\u0119d\u0105c szefem produkcji w du\u017cej drukarni, wielokrotnie spotykamy si\u0119 z tematem kalibracji. W tej bran\u017cy ka\u017cdy wie, \u017ce standaryzacja druku jest procesem wa\u017cnym, lecz jednocze\u015bnie niezwykle trudno jest oceni\u0107 op\u0142acalno\u015b\u0107 druku specjalnego. Konieczno\u015b\u0107 zatrzymania drukarni, inwestycja w co\u015b co nie wiadomo jak d\u0142ugo b\u0119dzie prawid\u0142owo dzia\u0142a\u0107 zawsze by\u0142a tematem bardzo trudnym, wr\u0119cz zaporowym. In\u017cynierowie z PM Software zaradzili temu problemowi. Dzi\u015b w dowolnym momencie szef produkcji jest w stanie zobaczy\u0107 jak drukowa\u0142 konkretny drukarz na konkretnej zmianie, jak zachowuj\u0105 si\u0119 maszyny i jak drukowane s\u0105 poszczeg\u00f3lne zlecenia. Ca\u0142y proces jest banalnie prosty i co najwa\u017cniejsze jego cena jest w pe\u0142ni adekwatna do mo\u017cliwo\u015bci. W zasadzie \u015bmia\u0142o mo\u017cna stwierdzi\u0107, \u017ce otrzymuje dok\u0142adnie to czego zawsze potrzebowa\u0142 w zarz\u0105dzaniu jako\u015bci\u0105 w du\u017cej drukarni.<\/p>\n<div class=\"fusion-title title fusion-sep-none fusion-title-size-two\" style=\"margin-top:15px;margin-bottom:10px;\"><h2 class=\"title-heading-left\">Drukarz<\/h2><\/div><p>Dzi\u0119ki CQC jest w stanie szybko oceni\u0107 czy praca kt\u00f3r\u0105 drukuj\u0119 jest zgodna z norm\u0105. Dotychczas gdy druk rozje\u017cd\u017ca\u0142 si\u0119 z proofem, musia\u0142 zmarnowa\u0107 sporo materia\u0142u aby ustawi\u0107 maszyn\u0119 tak aby drukowa\u0142a prawid\u0142owo. Prawdziwe problemy zaczyna\u0142y si\u0119 gdy nijak nie by\u0142o to mo\u017cliwe. Dzi\u015b patrz\u0105c na dane z CQC, szybko jest w stanie oceni\u0107 przyczyn\u0119 problemu. Ka\u017cdy do\u015bwiadczony drukarz ostro\u017cnie podchodzi do nowych rozwi\u0105za\u0144 lecz CQC mo\u017ce \u015bmia\u0142o poleci\u0107 wszystkim, kt\u00f3rzy chc\u0105 zwi\u0119kszy\u0107 swoj\u0105 wydajno\u015b\u0107 i polepszy\u0107 jako\u015b\u0107 druku.<\/p>\n<div class=\"fusion-title title fusion-sep-none fusion-title-size-two\" style=\"margin-top:15px;margin-bottom:10px;\"><h2 class=\"title-heading-left\">W\u0142a\u015bciciel drukarni<\/h2><\/div><p>Prowadzenie drukarni to nie jest \u0142atwy biznes. Bole\u015bnie mo\u017cna si\u0119 o tym przekona\u0107 podczas pierwszej, du\u017cej reklamacji. Negocjacje z klientem i t\u0142umaczenia, kt\u00f3rych nijak nie mo\u017cna sprawdzi\u0107 doprowadzaj\u0105 niejednego w\u0142a\u015bciciela do irytacji. Z jednej strony nie chce straci\u0107 klienta, z drugiej wie,\u00a0\u017ce jego ludzie to \u015bwietni fachowcy wi\u0119c musi szuka\u0107 kompromisu. Dzi\u015b dzi\u0119ki CQC takie sytuacje wyja\u015bniane s\u0105 natychmiast. Wgl\u0105d w konkretne zlecenie nawet jemu, pozwala oceni\u0107\u00a0prawid\u0142owo sytuacj\u0119. Z liczbami trudno si\u0119 dyskutuje wi\u0119c i pole do bezpodstawnych reklamacji jest du\u017co mniejsze. Dzi\u0119ki CQC rozumie gdzie pojawiaj\u0105 si\u0119 problemy i gdzie jako w\u0142a\u015bciciel musi szybko interweniowa\u0107. To dobrze wydane pieni\u0105dze i co przyjemne jest to polski produkt. Przysz\u0142o\u015b\u0107 to w\u0142a\u015bnie tego typu systemy.<\/p>\n<div class=\"fusion-title title fusion-sep-none fusion-title-size-two\" style=\"margin-top:15px;margin-bottom:10px;\"><h2 class=\"title-heading-left\">Programista w du\u017cej drukarni<\/h2><\/div><p>Cz\u0119sto nie jest ani drukarzem, ani poligrafem. Jestem po prostu programist\u0105. Dlatego gdy pojawia si\u0119 u mnie przedstawiciel Pm Software z CQC, chce od razu skierowa\u0107 go do szefa produkcji gdy\u017c si\u0119 na tym zwyczajnie nie zna. Wiadomo jak to jest z szefami produkcji. Nigdy nie maj\u0105 czasu, dlatego cz\u0119sto sami postanawiaj\u0105 zobaczy\u0107 jak co\u015b dzia\u0142a. W CQC z pewno\u015bci\u0105 natychmiast spodoba mi si\u0119 interfejs graficzny aplikacji. B\u0119dzie zdumiony tym, \u017ce prezentacja jest sp\u00f3jna i ca\u0142y proces uk\u0142ada si\u0119 dla ka\u017cdego laika druku w jedn\u0105 zrozumia\u0142\u0105 ca\u0142o\u015b\u0107. Ta aplikacja ma w sobie dok\u0142adnie to czego zawsze informatyk spodziewa si\u0119 po tego typu rozwi\u0105zaniach. Prostota ale i konkretne dane.<\/p>\n<div class=\"fusion-clearfix\"><\/div>\n\n\t\t\t<\/div>\n\t\t<\/div><\/div><\/div><div  class=\"fusion-fullwidth fullwidth-box nonhundred-percent-fullwidth\"  style='background-color: #3db6c9;background-position: center center;background-repeat: no-repeat;padding-top:20px;padding-right:0px;padding-bottom:20px;padding-left:0px;'><div class=\"fusion-builder-row fusion-row \"><div  class=\"fusion-layout-column fusion_builder_column fusion_builder_column_1_1  fusion-one-full fusion-column-first fusion-column-last 1_1\"  style='margin-top:0px;margin-bottom:20px;'>\n\t\t\t<div class=\"fusion-column-wrapper\" style=\"background-position:left top;background-repeat:no-repeat;-webkit-background-size:cover;-moz-background-size:cover;-o-background-size:cover;background-size:cover;\"  data-bg-url=\"\">\n\t\t\t\t<div class=\"fusion-title title fusion-sep-none fusion-title-center fusion-title-size-one\" style=\"margin-top:0px;margin-bottom:0px;\"><h1 class=\"title-heading-center\"><span style=\"color: #ffffff; font-size: 50px;\">PM SOLUTIONS<br \/>\n<\/span><\/h1><\/div><p style=\"text-align: center; font-size: 20px;\"><span style=\"color: #174076;\">NASZE POMYS\u0141Y I ROZWI\u0104ZANIA!<\/span><br \/>\n<span style=\"color: #ffffff; font-size: 20px;\">Szeroki asortyment nowoczesnego oprogramowania do automatyzacji proces\u00f3w<\/span><br \/>\n<span style=\"color: #ffffff; font-size: 20px;\">przygotowania plik\u00f3w PDF do druku \u2013 preflight, impozycji, automatycznej obr\u00f3bki zdj\u0119\u0107, generacji plik\u00f3w PDF, XML, <\/span><br \/>\n<span style=\"color: #ffffff; font-size: 20px;\">bitmap, przesy\u0142u plik\u00f3w FTP, mail, www -&gt; preflight -&gt; urz\u0105dzenia wyj\u015bciowe. <\/span><br \/>\n<span style=\"color: #ffffff; font-size: 20px;\">Oprogramowanie do standaryzacji i kalibracji toru druku.<\/span><\/p>\n<div class=\"fusion-button-wrapper fusion-aligncenter\"><style type=\"text\/css\" scoped=\"scoped\">.fusion-button.button-1 .fusion-button-text, .fusion-button.button-1 i {color:#ffffff;}.fusion-button.button-1 {border-width:0px;border-color:#ffffff;}.fusion-button.button-1 .fusion-button-icon-divider{border-color:#ffffff;}.fusion-button.button-1:hover .fusion-button-text, .fusion-button.button-1:hover i,.fusion-button.button-1:focus .fusion-button-text, .fusion-button.button-1:focus i,.fusion-button.button-1:active .fusion-button-text, .fusion-button.button-1:active{color:#ffffff;}.fusion-button.button-1:hover, .fusion-button.button-1:focus, .fusion-button.button-1:active{border-width:0px;border-color:#ffffff;}.fusion-button.button-1:hover .fusion-button-icon-divider, .fusion-button.button-1:hover .fusion-button-icon-divider, .fusion-button.button-1:active .fusion-button-icon-divider{border-color:#ffffff;}.fusion-button.button-1{background: #229fb5;}.fusion-button.button-1:hover,.button-1:focus,.fusion-button.button-1:active{background: #229fb5;}.fusion-button.button-1{width:auto;}<\/style><a class=\"fusion-button button-flat button-square button-xlarge button-custom button-1\" target=\"_blank\" rel=\"noopener noreferrer\" href=\"http:\/\/www.pm-software.com.pl\/\"><span class=\"fusion-button-text\">wi\u0119cej<\/span><\/a><\/div><div class=\"fusion-clearfix\"><\/div>\n\n\t\t\t<\/div>\n\t\t<\/div><\/div><\/div><div  class=\"fusion-fullwidth fullwidth-box fusion-parallax-none nonhundred-percent-fullwidth\"  style='background-color: #181818;background-image: url(\"http:\/\/ceqce.pl\/wp-content\/uploads\/2017\/01\/footer-bg.jpg\");background-position: center center;background-repeat: no-repeat;padding-top:20px;padding-right:0px;padding-bottom:20px;padding-left:0px;-webkit-background-size:cover;-moz-background-size:cover;-o-background-size:cover;background-size:cover;background-attachment:none;'><div class=\"fusion-builder-row fusion-row \"><div  class=\"fusion-layout-column fusion_builder_column fusion_builder_column_1_1  fusion-one-full fusion-column-first fusion-column-last 1_1\"  style='margin-top:0px;margin-bottom:20px;'>\n\t\t\t<div class=\"fusion-column-wrapper\" style=\"background-position:left top;background-repeat:no-repeat;-webkit-background-size:cover;-moz-background-size:cover;-o-background-size:cover;background-size:cover;\"  data-bg-url=\"\">\n\t\t\t\t<div class=\"fusion-title title fusion-sep-none fusion-title-center fusion-title-size-one\" style=\"margin-top:0px;margin-bottom:0px;\"><h1 class=\"title-heading-center\"><span style=\"color: #ffffff; font-size: 46px;\">KONTAKT<\/span><\/h1><\/div><p style=\"text-align: center;\"><span style=\"color: #3db6c9; font-size: 46px;\">+22 899 00 66 \/ 602 310 011<\/span><\/p>\n<div class=\"fusion-builder-row fusion-builder-row-inner fusion-row \"><div  class=\"fusion-layout-column fusion_builder_column fusion_builder_column_1_1  fusion-one-full fusion-column-first fusion-column-last fusion-one-full fusion-column-first fusion-column-last fusion-column-inner-bg-wrapper 1_1\"  style='margin-top: 0px;margin-bottom: 20px;'>\n\t\t\t<div class=\"fusion-column-wrapper\" style=\"border-width: 4px;border-color: #ffffff;border-style: solid;\" data-bg-url=\"\">\n\t\t\t\t<div class=\"fusion-sep-clear\"><\/div><div class=\"fusion-separator fusion-full-width-sep sep-none\" style=\"margin-left: auto;margin-right: auto;margin-top:5px;\"><\/div><p style=\"text-align: center;\"><span style=\"color: #ffffff; font-size: 46px;\">a.szymosz@pm-solutions.com.pl<\/span><\/p>\n\n\t\t\t<\/div>\n\t\t\t<span class=\"fusion-column-inner-bg hover-type-none\">\n\t\t\t\t<a href=\"mailto: a.szymosz@pm-solutions.com.pl\">\n\t\t\t\t\t<span class=\"fusion-column-inner-bg-image\" style=\"background-position:left top;background-repeat:no-repeat;-webkit-background-size:cover;-moz-background-size:cover;-o-background-size:cover;background-size:cover;\"><\/span><\/a>\n\t\t\t<\/span>\n\t\t<\/div><\/div><p style=\"text-align: center;\"><span style=\"color: #ffffff; font-size: 28px;\">UL. MENUETA 26A \/ 02 827 WARSZAWA \/ POLSKA<\/span><\/p>\n<div class=\"fusion-clearfix\"><\/div>\n\n\t\t\t<\/div>\n\t\t<\/div><\/div><\/div><\/p>\n","protected":false},"excerpt":{"rendered":"","protected":false},"author":1,"featured_media":0,"parent":0,"menu_order":0,"comment_status":"closed","ping_status":"closed","template":"100-width.php","meta":{"footnotes":""},"_links":{"self":[{"href":"http:\/\/ceqce.pl\/index.php\/wp-json\/wp\/v2\/pages\/19"}],"collection":[{"href":"http:\/\/ceqce.pl\/index.php\/wp-json\/wp\/v2\/pages"}],"about":[{"href":"http:\/\/ceqce.pl\/index.php\/wp-json\/wp\/v2\/types\/page"}],"author":[{"embeddable":true,"href":"http:\/\/ceqce.pl\/index.php\/wp-json\/wp\/v2\/users\/1"}],"replies":[{"embeddable":true,"href":"http:\/\/ceqce.pl\/index.php\/wp-json\/wp\/v2\/comments?post=19"}],"version-history":[{"count":4,"href":"http:\/\/ceqce.pl\/index.php\/wp-json\/wp\/v2\/pages\/19\/revisions"}],"predecessor-version":[{"id":163,"href":"http:\/\/ceqce.pl\/index.php\/wp-json\/wp\/v2\/pages\/19\/revisions\/163"}],"wp:attachment":[{"href":"http:\/\/ceqce.pl\/index.php\/wp-json\/wp\/v2\/media?parent=19"}],"curies":[{"name":"wp","href":"https:\/\/api.w.org\/{rel}","templated":true}]}}