{"id":15,"date":"2017-01-02T12:13:01","date_gmt":"2017-01-02T11:13:01","guid":{"rendered":"http:\/\/ceqce.pl\/?page_id=15"},"modified":"2017-01-18T11:34:20","modified_gmt":"2017-01-18T10:34:20","slug":"szybki-podglad","status":"publish","type":"page","link":"http:\/\/ceqce.pl\/index.php\/szybki-podglad\/","title":{"rendered":"Szybki podgl\u0105d"},"content":{"rendered":"<p><div  class=\"fusion-fullwidth fullwidth-box nonhundred-percent-fullwidth\"  style='background-color: #ffffff;background-position: center center;background-repeat: no-repeat;padding-top:20px;padding-right:0px;padding-bottom:20px;padding-left:0px;'><div class=\"fusion-builder-row fusion-row \"><div  class=\"fusion-layout-column fusion_builder_column fusion_builder_column_1_1  fusion-one-full fusion-column-first fusion-column-last 1_1\"  style='margin-top:0px;margin-bottom:20px;'>\n\t\t\t<div class=\"fusion-column-wrapper\" style=\"background-position:left top;background-repeat:no-repeat;-webkit-background-size:cover;-moz-background-size:cover;-o-background-size:cover;background-size:cover;\"  data-bg-url=\"\">\n\t\t\t\t<div class=\"fusion-sep-clear\"><\/div><div class=\"fusion-separator fusion-full-width-sep sep-none\" style=\"margin-left: auto;margin-right: auto;margin-top:30px;\"><\/div><div class=\"imageframe-align-center\"><span class=\"fusion-imageframe imageframe-none imageframe-1 hover-type-none\"><img decoding=\"async\" loading=\"lazy\" src=\"http:\/\/ceqce.pl\/wp-content\/uploads\/2017\/01\/podglad_title.png\" width=\"180\" height=\"180\" alt=\"CQC Analiza druku\" title=\"podglad_title\" class=\"img-responsive wp-image-111\"\/><\/span><\/div><div class=\"fusion-title title fusion-title-center fusion-title-size-one\" style=\"margin-top:10px;margin-bottom:10px;\"><div class=\"title-sep-container title-sep-container-left\"><div class=\"title-sep sep-single sep-solid\"><\/div><\/div><h1 class=\"title-heading-center\">Szybki podgl\u0105d<\/h1><div class=\"title-sep-container title-sep-container-right\"><div class=\"title-sep sep-single sep-solid\"><\/div><\/div><\/div><p style=\"text-align: center;\">Oce\u0144 dane pomiarowe dla konkretnej maszyny, rodzaju papieru i zlecenia.<\/p>\n<p>Aby oceni\u0107 stabilno\u015b\u0107 maszyny w czasie korzystamy z opcji Analiza druku. Tutaj ocenisz jedno, konkretne zlecenie. Wyobra\u017amy sobie sytuacj\u0119 kt\u00f3ra cz\u0119sto pojawia si\u0119 w relacji klient-drukarnia, gdy ten pierwszy sk\u0142ada reklamacj\u0119 druku. Zazwyczaj jest ona rozpatrywana do proofa. Wizualnie lub pomiarowo staramy si\u0119 oceni\u0107 i znale\u017a\u0107 miejsce w kt\u00f3rym dosz\u0142o do powstania b\u0142\u0119du. To swoista przepychanka, w kt\u00f3rej cz\u0119sto drukarnia stoi na przegranej pozycji gdy\u017c w \u017caden spos\u00f3b nie jest w stanie udowodni\u0107, \u017ce maszyna drukowa\u0142a w pe\u0142nej zgodno\u015bci z norm\u0105. Dzi\u0119ki CQC i szybkiemu podgl\u0105dowi konkretnego zlecenia, drukarnia natychmiast ocenia czy by\u0142o ono prawid\u0142owo wydrukowane. Wystarczy w menu, na samej g\u00f3rze wybra\u0107 numer zlecenia a system wy\u015bwietli nam szczeg\u00f3\u0142owy raport w kt\u00f3rym zobaczymy nast\u0119puj\u0105ce dane odniesione oczywi\u015bcie do normy ISO 12647-2:<\/p>\n<ul>\n<li>Wykres przyrostu punktu rastrowego dla kolor\u00f3w CMY i osobno K<\/li>\n<li>Kontrast druku<\/li>\n<li>Stabilno\u015b\u0107 przyrostu punktu na ca\u0142ym arkuszu<\/li>\n<\/ul>\n<div class=\"fusion-sep-clear\"><\/div><div class=\"fusion-separator fusion-full-width-sep sep-none\" style=\"margin-left: auto;margin-right: auto;margin-top:15px;\"><\/div><div class=\"imageframe-align-center\"><span class=\"fusion-imageframe imageframe-none imageframe-2 hover-type-none\"><img decoding=\"async\" loading=\"lazy\" src=\"http:\/\/ceqce.pl\/wp-content\/uploads\/2017\/01\/cqc-szybki-podglad-1.png\" width=\"888\" height=\"401\" alt=\"CQC Szybki podgl\u0105d\" title=\"cqc-szybki-podglad-1\" class=\"img-responsive wp-image-113\" srcset=\"http:\/\/ceqce.pl\/wp-content\/uploads\/2017\/01\/cqc-szybki-podglad-1-200x90.png 200w, http:\/\/ceqce.pl\/wp-content\/uploads\/2017\/01\/cqc-szybki-podglad-1-400x181.png 400w, http:\/\/ceqce.pl\/wp-content\/uploads\/2017\/01\/cqc-szybki-podglad-1-600x271.png 600w, http:\/\/ceqce.pl\/wp-content\/uploads\/2017\/01\/cqc-szybki-podglad-1-800x361.png 800w, http:\/\/ceqce.pl\/wp-content\/uploads\/2017\/01\/cqc-szybki-podglad-1.png 888w\" sizes=\"(max-width: 800px) 100vw, 1200px\" \/><\/span><\/div><div class=\"fusion-sep-clear\"><\/div><div class=\"fusion-separator fusion-full-width-sep sep-none\" style=\"margin-left: auto;margin-right: auto;margin-top:15px;\"><\/div><div class=\"chevron_outer\">\n<ul>\n<li class=\"txt\">Warto\u015bci Lab dla pr\u00f3bek CMYK<\/li>\n<li class=\"txt\">Warto\u015bci Lab dla pr\u00f3bek RGB<\/li>\n<li class=\"txt\">Warto\u015bci Lab dla bieli papieru<\/li>\n<\/ul>\n<\/div>\n<div class=\"fusion-sep-clear\"><\/div><div class=\"fusion-separator fusion-full-width-sep sep-none\" style=\"margin-left: auto;margin-right: auto;margin-top:15px;\"><\/div><div class=\"imageframe-align-center\"><span class=\"fusion-imageframe imageframe-none imageframe-3 hover-type-none\"><img decoding=\"async\" loading=\"lazy\" src=\"http:\/\/ceqce.pl\/wp-content\/uploads\/2017\/01\/cqc-szybki-podglad-2.png\" width=\"876\" height=\"352\" alt=\"CQC Szybki podgl\u0105d\" title=\"cqc-szybki-podglad-2\" class=\"img-responsive wp-image-114\" srcset=\"http:\/\/ceqce.pl\/wp-content\/uploads\/2017\/01\/cqc-szybki-podglad-2-200x80.png 200w, http:\/\/ceqce.pl\/wp-content\/uploads\/2017\/01\/cqc-szybki-podglad-2-400x161.png 400w, http:\/\/ceqce.pl\/wp-content\/uploads\/2017\/01\/cqc-szybki-podglad-2-600x241.png 600w, http:\/\/ceqce.pl\/wp-content\/uploads\/2017\/01\/cqc-szybki-podglad-2-800x321.png 800w, http:\/\/ceqce.pl\/wp-content\/uploads\/2017\/01\/cqc-szybki-podglad-2.png 876w\" sizes=\"(max-width: 800px) 100vw, 1200px\" \/><\/span><\/div><div class=\"fusion-sep-clear\"><\/div><div class=\"fusion-separator fusion-full-width-sep sep-none\" style=\"margin-left: auto;margin-right: auto;margin-top:15px;\"><\/div><p>Wszystkie wykresy przedstawione s\u0105 w postaci czytelnych graf\u00f3w na kt\u00f3rych natychmiast bez zb\u0119dnych oblicze\u0144 i skomplikowanych interpretacji, zobaczymy czy wszystkie parametry by\u0142y zgodne z norm\u0105. Je\u015bli tak, reklamacja mo\u017ce zosta\u0107 odrzucona a klient otrzyma szczeg\u00f3\u0142owy, wydrukowany raport.<\/p>\n<p>Tylko <strong>CQC<\/strong> pozwala na tak szybkie i konkretne rozpatrzenie reklamacji. Jednocze\u015bnie drukarnia podnosi sw\u00f3j presti\u017c, gdy\u017c udowadnia, \u017ce jest w stanie kontrolowa\u0107 ka\u017cde wp\u0142ywaj\u0105ce zlecenie i obiektywnie przyzna\u0107 si\u0119 do b\u0142\u0119du lub odrzuci\u0107 bezpodstawne roszczenia klienta.<\/p>\n<div class=\"fusion-clearfix\"><\/div>\n\n\t\t\t<\/div>\n\t\t<\/div><\/div><\/div><div  class=\"fusion-fullwidth fullwidth-box nonhundred-percent-fullwidth\"  style='background-color: #3db6c9;background-position: center center;background-repeat: no-repeat;padding-top:20px;padding-right:0px;padding-bottom:20px;padding-left:0px;'><div class=\"fusion-builder-row fusion-row \"><div  class=\"fusion-layout-column fusion_builder_column fusion_builder_column_1_1  fusion-one-full fusion-column-first fusion-column-last 1_1\"  style='margin-top:0px;margin-bottom:20px;'>\n\t\t\t<div class=\"fusion-column-wrapper\" style=\"background-position:left top;background-repeat:no-repeat;-webkit-background-size:cover;-moz-background-size:cover;-o-background-size:cover;background-size:cover;\"  data-bg-url=\"\">\n\t\t\t\t<div class=\"fusion-title title fusion-sep-none fusion-title-center fusion-title-size-one\" style=\"margin-top:0px;margin-bottom:0px;\"><h1 class=\"title-heading-center\"><span style=\"color: #ffffff; font-size: 50px;\">PM SOLUTIONS<br \/>\n<\/span><\/h1><\/div><p style=\"text-align: center; font-size: 20px;\"><span style=\"color: #174076;\">NASZE POMYS\u0141Y I ROZWI\u0104ZANIA!<\/span><br \/>\n<span style=\"color: #ffffff; font-size: 20px;\">Szeroki asortyment nowoczesnego oprogramowania do automatyzacji proces\u00f3w<\/span><br \/>\n<span style=\"color: #ffffff; font-size: 20px;\">przygotowania plik\u00f3w PDF do druku \u2013 preflight, impozycji, automatycznej obr\u00f3bki zdj\u0119\u0107, generacji plik\u00f3w PDF, XML, <\/span><br \/>\n<span style=\"color: #ffffff; font-size: 20px;\">bitmap, przesy\u0142u plik\u00f3w FTP, mail, www -&gt; preflight -&gt; urz\u0105dzenia wyj\u015bciowe. <\/span><br \/>\n<span style=\"color: #ffffff; font-size: 20px;\">Oprogramowanie do standaryzacji i kalibracji toru druku.<\/span><\/p>\n<div class=\"fusion-button-wrapper fusion-aligncenter\"><style type=\"text\/css\" scoped=\"scoped\">.fusion-button.button-1 .fusion-button-text, .fusion-button.button-1 i {color:#ffffff;}.fusion-button.button-1 {border-width:0px;border-color:#ffffff;}.fusion-button.button-1 .fusion-button-icon-divider{border-color:#ffffff;}.fusion-button.button-1:hover .fusion-button-text, .fusion-button.button-1:hover i,.fusion-button.button-1:focus .fusion-button-text, .fusion-button.button-1:focus i,.fusion-button.button-1:active .fusion-button-text, .fusion-button.button-1:active{color:#ffffff;}.fusion-button.button-1:hover, .fusion-button.button-1:focus, .fusion-button.button-1:active{border-width:0px;border-color:#ffffff;}.fusion-button.button-1:hover .fusion-button-icon-divider, .fusion-button.button-1:hover .fusion-button-icon-divider, .fusion-button.button-1:active .fusion-button-icon-divider{border-color:#ffffff;}.fusion-button.button-1{background: #229fb5;}.fusion-button.button-1:hover,.button-1:focus,.fusion-button.button-1:active{background: #229fb5;}.fusion-button.button-1{width:auto;}<\/style><a class=\"fusion-button button-flat button-square button-xlarge button-custom button-1\" target=\"_blank\" rel=\"noopener noreferrer\" href=\"http:\/\/www.pm-software.com.pl\/\"><span class=\"fusion-button-text\">wi\u0119cej<\/span><\/a><\/div><div class=\"fusion-clearfix\"><\/div>\n\n\t\t\t<\/div>\n\t\t<\/div><\/div><\/div><div  class=\"fusion-fullwidth fullwidth-box fusion-parallax-none nonhundred-percent-fullwidth\"  style='background-color: #181818;background-image: url(\"http:\/\/ceqce.pl\/wp-content\/uploads\/2017\/01\/footer-bg.jpg\");background-position: center center;background-repeat: no-repeat;padding-top:20px;padding-right:0px;padding-bottom:20px;padding-left:0px;-webkit-background-size:cover;-moz-background-size:cover;-o-background-size:cover;background-size:cover;background-attachment:none;'><div class=\"fusion-builder-row fusion-row \"><div  class=\"fusion-layout-column fusion_builder_column fusion_builder_column_1_1  fusion-one-full fusion-column-first fusion-column-last 1_1\"  style='margin-top:0px;margin-bottom:20px;'>\n\t\t\t<div class=\"fusion-column-wrapper\" style=\"background-position:left top;background-repeat:no-repeat;-webkit-background-size:cover;-moz-background-size:cover;-o-background-size:cover;background-size:cover;\"  data-bg-url=\"\">\n\t\t\t\t<div class=\"fusion-title title fusion-sep-none fusion-title-center fusion-title-size-one\" style=\"margin-top:0px;margin-bottom:0px;\"><h1 class=\"title-heading-center\"><span style=\"color: #ffffff; font-size: 46px;\">KONTAKT<\/span><\/h1><\/div><p style=\"text-align: center;\"><span style=\"color: #3db6c9; font-size: 46px;\">+22 899 00 66 \/ 602 310 011<\/span><\/p>\n<div class=\"fusion-builder-row fusion-builder-row-inner fusion-row \"><div  class=\"fusion-layout-column fusion_builder_column fusion_builder_column_1_1  fusion-one-full fusion-column-first fusion-column-last fusion-one-full fusion-column-first fusion-column-last fusion-column-inner-bg-wrapper 1_1\"  style='margin-top: 0px;margin-bottom: 20px;'>\n\t\t\t<div class=\"fusion-column-wrapper\" style=\"border-width: 4px;border-color: #ffffff;border-style: solid;\" data-bg-url=\"\">\n\t\t\t\t<div class=\"fusion-sep-clear\"><\/div><div class=\"fusion-separator fusion-full-width-sep sep-none\" style=\"margin-left: auto;margin-right: auto;margin-top:5px;\"><\/div><p style=\"text-align: center;\"><span style=\"color: #ffffff; font-size: 46px;\">a.szymosz@pm-solutions.com.pl<\/span><\/p>\n\n\t\t\t<\/div>\n\t\t\t<span class=\"fusion-column-inner-bg hover-type-none\">\n\t\t\t\t<a href=\"mailto: a.szymosz@pm-solutions.com.pl\">\n\t\t\t\t\t<span class=\"fusion-column-inner-bg-image\" style=\"background-position:left top;background-repeat:no-repeat;-webkit-background-size:cover;-moz-background-size:cover;-o-background-size:cover;background-size:cover;\"><\/span><\/a>\n\t\t\t<\/span>\n\t\t<\/div><\/div><p style=\"text-align: center;\"><span style=\"color: #ffffff; font-size: 28px;\">UL. MENUETA 26A \/ 02 827 WARSZAWA \/ POLSKA<\/span><\/p>\n<div class=\"fusion-clearfix\"><\/div>\n\n\t\t\t<\/div>\n\t\t<\/div><\/div><\/div><\/p>\n","protected":false},"excerpt":{"rendered":"","protected":false},"author":1,"featured_media":0,"parent":0,"menu_order":0,"comment_status":"closed","ping_status":"closed","template":"100-width.php","meta":{"footnotes":""},"_links":{"self":[{"href":"http:\/\/ceqce.pl\/index.php\/wp-json\/wp\/v2\/pages\/15"}],"collection":[{"href":"http:\/\/ceqce.pl\/index.php\/wp-json\/wp\/v2\/pages"}],"about":[{"href":"http:\/\/ceqce.pl\/index.php\/wp-json\/wp\/v2\/types\/page"}],"author":[{"embeddable":true,"href":"http:\/\/ceqce.pl\/index.php\/wp-json\/wp\/v2\/users\/1"}],"replies":[{"embeddable":true,"href":"http:\/\/ceqce.pl\/index.php\/wp-json\/wp\/v2\/comments?post=15"}],"version-history":[{"count":4,"href":"http:\/\/ceqce.pl\/index.php\/wp-json\/wp\/v2\/pages\/15\/revisions"}],"predecessor-version":[{"id":165,"href":"http:\/\/ceqce.pl\/index.php\/wp-json\/wp\/v2\/pages\/15\/revisions\/165"}],"wp:attachment":[{"href":"http:\/\/ceqce.pl\/index.php\/wp-json\/wp\/v2\/media?parent=15"}],"curies":[{"name":"wp","href":"https:\/\/api.w.org\/{rel}","templated":true}]}}